{"id":2108,"date":"2022-09-23T21:41:18","date_gmt":"2022-09-23T21:41:18","guid":{"rendered":"http:\/\/zaaschila.com\/?post_type=product&#038;p=2108"},"modified":"2024-03-12T22:25:36","modified_gmt":"2024-03-12T22:25:36","slug":"salsa-habanera-y-flamas-sobre","status":"publish","type":"product","link":"https:\/\/zaaschila.com\/en\/product\/salsa-habanera-y-flamas-sobre\/","title":{"rendered":"Salsa Habanera y Flamas Sobre"},"content":{"rendered":"<p>This sauce uses the orange habanero chile, known worldwide until now exclusively in Mexico, added to a series of seasonings, achieving a truly sensational flavor. For lovers of high heat.<\/p>","protected":false},"excerpt":{"rendered":"<p>Water, Habanero Pepper 17%, Iodized Salt, Dehydrated Lemon Juice, Acetic Acid, Seasonings and Spices, Xanthan Gum, Sodium Benzoate and Potassium Sorbate (Preservatives), Colorants: Tartrazine and Allura Red AC. Manufactured on Equipment Processing Soy Products.<\/p>","protected":false},"featured_media":3107,"comment_status":"open","ping_status":"closed","template":"","meta":[],"product_cat":[105,31],"product_tag":[],"class_list":{"0":"post-2108","1":"product","2":"type-product","3":"status-publish","4":"has-post-thumbnail","6":"product_cat-food-service","7":"product_cat-salsas","9":"first","10":"instock","11":"shipping-taxable","12":"product-type-simple"},"yoast_head":"<!-- This site is optimized with the Yoast SEO plugin v24.1 - https:\/\/yoast.com\/wordpress\/plugins\/seo\/ -->\n<title>Salsa Habanera y Flamas Sobre - Zaaschila<\/title>\n<meta name=\"robots\" content=\"index, follow, max-snippet:-1, max-image-preview:large, max-video-preview:-1\" \/>\n<link rel=\"canonical\" href=\"https:\/\/zaaschila.com\/en\/product\/salsa-habanera-y-flamas-sobre\/\" \/>\n<meta property=\"og:locale\" content=\"en_US\" \/>\n<meta property=\"og:type\" content=\"article\" \/>\n<meta property=\"og:title\" content=\"Salsa Habanera y Flamas Sobre - Zaaschila\" \/>\n<meta property=\"og:description\" content=\"Agua, Chile Habanero 17%, Sal Yodada, Jugo de Lim\u00f3n Deshidratado, \u00c1cido Ac\u00e9tico, Condimentos y Especias, Goma Xantana, Benzoato de Sodio y Sorbato de Potasio (Conservadores), Colorantes: Tartrazina y Rojo Allura AC. Elaborado en Equipos Que Procesan Productos con Soya.\" \/>\n<meta property=\"og:url\" content=\"https:\/\/zaaschila.com\/en\/product\/salsa-habanera-y-flamas-sobre\/\" \/>\n<meta property=\"og:site_name\" content=\"Zaaschila\" \/>\n<meta property=\"article:modified_time\" content=\"2024-03-12T22:25:36+00:00\" \/>\n<meta property=\"og:image\" content=\"https:\/\/zaaschila.com\/wp-content\/uploads\/2022\/09\/habanero-flamas.png\" \/>\n\t<meta property=\"og:image:width\" content=\"600\" \/>\n\t<meta property=\"og:image:height\" content=\"900\" \/>\n\t<meta property=\"og:image:type\" content=\"image\/png\" \/>\n<meta name=\"twitter:card\" content=\"summary_large_image\" \/>\n<meta name=\"twitter:label1\" content=\"Est. reading time\" \/>\n\t<meta name=\"twitter:data1\" content=\"1 minute\" \/>\n<script type=\"application\/ld+json\" class=\"yoast-schema-graph\">{\"@context\":\"https:\/\/schema.org\",\"@graph\":[{\"@type\":\"WebPage\",\"@id\":\"https:\/\/zaaschila.com\/producto\/salsa-habanera-y-flamas-sobre\/\",\"url\":\"https:\/\/zaaschila.com\/producto\/salsa-habanera-y-flamas-sobre\/\",\"name\":\"Salsa Habanera y Flamas Sobre - Zaaschila\",\"isPartOf\":{\"@id\":\"https:\/\/zaaschila.com\/#website\"},\"primaryImageOfPage\":{\"@id\":\"https:\/\/zaaschila.com\/producto\/salsa-habanera-y-flamas-sobre\/#primaryimage\"},\"image\":{\"@id\":\"https:\/\/zaaschila.com\/producto\/salsa-habanera-y-flamas-sobre\/#primaryimage\"},\"thumbnailUrl\":\"https:\/\/zaaschila.com\/wp-content\/uploads\/2022\/09\/habanero-flamas.png\",\"datePublished\":\"2022-09-23T21:41:18+00:00\",\"dateModified\":\"2024-03-12T22:25:36+00:00\",\"breadcrumb\":{\"@id\":\"https:\/\/zaaschila.com\/producto\/salsa-habanera-y-flamas-sobre\/#breadcrumb\"},\"inLanguage\":\"en-US\",\"potentialAction\":[{\"@type\":\"ReadAction\",\"target\":[\"https:\/\/zaaschila.com\/producto\/salsa-habanera-y-flamas-sobre\/\"]}]},{\"@type\":\"ImageObject\",\"inLanguage\":\"en-US\",\"@id\":\"https:\/\/zaaschila.com\/producto\/salsa-habanera-y-flamas-sobre\/#primaryimage\",\"url\":\"https:\/\/zaaschila.com\/wp-content\/uploads\/2022\/09\/habanero-flamas.png\",\"contentUrl\":\"https:\/\/zaaschila.com\/wp-content\/uploads\/2022\/09\/habanero-flamas.png\",\"width\":600,\"height\":900},{\"@type\":\"BreadcrumbList\",\"@id\":\"https:\/\/zaaschila.com\/producto\/salsa-habanera-y-flamas-sobre\/#breadcrumb\",\"itemListElement\":[{\"@type\":\"ListItem\",\"position\":1,\"name\":\"Home\",\"item\":\"https:\/\/zaaschila.com\/\"},{\"@type\":\"ListItem\",\"position\":2,\"name\":\"Productos\",\"item\":\"https:\/\/zaaschila.com\/productos\/\"},{\"@type\":\"ListItem\",\"position\":3,\"name\":\"Salsa Habanera y Flamas Sobre\"}]},{\"@type\":\"WebSite\",\"@id\":\"https:\/\/zaaschila.com\/#website\",\"url\":\"https:\/\/zaaschila.com\/\",\"name\":\"Zaaschila\",\"description\":\"Salsas\",\"publisher\":{\"@id\":\"https:\/\/zaaschila.com\/#organization\"},\"potentialAction\":[{\"@type\":\"SearchAction\",\"target\":{\"@type\":\"EntryPoint\",\"urlTemplate\":\"https:\/\/zaaschila.com\/?s={search_term_string}\"},\"query-input\":{\"@type\":\"PropertyValueSpecification\",\"valueRequired\":true,\"valueName\":\"search_term_string\"}}],\"inLanguage\":\"en-US\"},{\"@type\":\"Organization\",\"@id\":\"https:\/\/zaaschila.com\/#organization\",\"name\":\"Zaaschila\",\"url\":\"https:\/\/zaaschila.com\/\",\"logo\":{\"@type\":\"ImageObject\",\"inLanguage\":\"en-US\",\"@id\":\"https:\/\/zaaschila.com\/#\/schema\/logo\/image\/\",\"url\":\"https:\/\/zaaschila.com\/wp-content\/uploads\/2022\/09\/Logotipo-Zaaschila-Nuevo.png\",\"contentUrl\":\"https:\/\/zaaschila.com\/wp-content\/uploads\/2022\/09\/Logotipo-Zaaschila-Nuevo.png\",\"width\":672,\"height\":295,\"caption\":\"Zaaschila\"},\"image\":{\"@id\":\"https:\/\/zaaschila.com\/#\/schema\/logo\/image\/\"}}]}<\/script>\n<!-- \/ Yoast SEO plugin. -->","yoast_head_json":{"title":"Salsa Habanera y Flamas Sobre - Zaaschila","robots":{"index":"index","follow":"follow","max-snippet":"max-snippet:-1","max-image-preview":"max-image-preview:large","max-video-preview":"max-video-preview:-1"},"canonical":"https:\/\/zaaschila.com\/en\/product\/salsa-habanera-y-flamas-sobre\/","og_locale":"en_US","og_type":"article","og_title":"Salsa Habanera y Flamas Sobre - Zaaschila","og_description":"Agua, Chile Habanero 17%, Sal Yodada, Jugo de Lim\u00f3n Deshidratado, \u00c1cido Ac\u00e9tico, Condimentos y Especias, Goma Xantana, Benzoato de Sodio y Sorbato de Potasio (Conservadores), Colorantes: Tartrazina y Rojo Allura AC. Elaborado en Equipos Que Procesan Productos con Soya.","og_url":"https:\/\/zaaschila.com\/en\/product\/salsa-habanera-y-flamas-sobre\/","og_site_name":"Zaaschila","article_modified_time":"2024-03-12T22:25:36+00:00","og_image":[{"width":600,"height":900,"url":"https:\/\/zaaschila.com\/wp-content\/uploads\/2022\/09\/habanero-flamas.png","type":"image\/png"}],"twitter_card":"summary_large_image","twitter_misc":{"Est. reading time":"1 minute"},"schema":{"@context":"https:\/\/schema.org","@graph":[{"@type":"WebPage","@id":"https:\/\/zaaschila.com\/producto\/salsa-habanera-y-flamas-sobre\/","url":"https:\/\/zaaschila.com\/producto\/salsa-habanera-y-flamas-sobre\/","name":"Salsa Habanera y Flamas Sobre - Zaaschila","isPartOf":{"@id":"https:\/\/zaaschila.com\/#website"},"primaryImageOfPage":{"@id":"https:\/\/zaaschila.com\/producto\/salsa-habanera-y-flamas-sobre\/#primaryimage"},"image":{"@id":"https:\/\/zaaschila.com\/producto\/salsa-habanera-y-flamas-sobre\/#primaryimage"},"thumbnailUrl":"https:\/\/zaaschila.com\/wp-content\/uploads\/2022\/09\/habanero-flamas.png","datePublished":"2022-09-23T21:41:18+00:00","dateModified":"2024-03-12T22:25:36+00:00","breadcrumb":{"@id":"https:\/\/zaaschila.com\/producto\/salsa-habanera-y-flamas-sobre\/#breadcrumb"},"inLanguage":"en-US","potentialAction":[{"@type":"ReadAction","target":["https:\/\/zaaschila.com\/producto\/salsa-habanera-y-flamas-sobre\/"]}]},{"@type":"ImageObject","inLanguage":"en-US","@id":"https:\/\/zaaschila.com\/producto\/salsa-habanera-y-flamas-sobre\/#primaryimage","url":"https:\/\/zaaschila.com\/wp-content\/uploads\/2022\/09\/habanero-flamas.png","contentUrl":"https:\/\/zaaschila.com\/wp-content\/uploads\/2022\/09\/habanero-flamas.png","width":600,"height":900},{"@type":"BreadcrumbList","@id":"https:\/\/zaaschila.com\/producto\/salsa-habanera-y-flamas-sobre\/#breadcrumb","itemListElement":[{"@type":"ListItem","position":1,"name":"Home","item":"https:\/\/zaaschila.com\/"},{"@type":"ListItem","position":2,"name":"Productos","item":"https:\/\/zaaschila.com\/productos\/"},{"@type":"ListItem","position":3,"name":"Salsa Habanera y Flamas Sobre"}]},{"@type":"WebSite","@id":"https:\/\/zaaschila.com\/#website","url":"https:\/\/zaaschila.com\/","name":"Zaaschila","description":"Salsas","publisher":{"@id":"https:\/\/zaaschila.com\/#organization"},"potentialAction":[{"@type":"SearchAction","target":{"@type":"EntryPoint","urlTemplate":"https:\/\/zaaschila.com\/?s={search_term_string}"},"query-input":{"@type":"PropertyValueSpecification","valueRequired":true,"valueName":"search_term_string"}}],"inLanguage":"en-US"},{"@type":"Organization","@id":"https:\/\/zaaschila.com\/#organization","name":"Zaaschila","url":"https:\/\/zaaschila.com\/","logo":{"@type":"ImageObject","inLanguage":"en-US","@id":"https:\/\/zaaschila.com\/#\/schema\/logo\/image\/","url":"https:\/\/zaaschila.com\/wp-content\/uploads\/2022\/09\/Logotipo-Zaaschila-Nuevo.png","contentUrl":"https:\/\/zaaschila.com\/wp-content\/uploads\/2022\/09\/Logotipo-Zaaschila-Nuevo.png","width":672,"height":295,"caption":"Zaaschila"},"image":{"@id":"https:\/\/zaaschila.com\/#\/schema\/logo\/image\/"}}]}},"_links":{"self":[{"href":"https:\/\/zaaschila.com\/en\/wp-json\/wp\/v2\/product\/2108","targetHints":{"allow":["GET"]}}],"collection":[{"href":"https:\/\/zaaschila.com\/en\/wp-json\/wp\/v2\/product"}],"about":[{"href":"https:\/\/zaaschila.com\/en\/wp-json\/wp\/v2\/types\/product"}],"replies":[{"embeddable":true,"href":"https:\/\/zaaschila.com\/en\/wp-json\/wp\/v2\/comments?post=2108"}],"wp:featuredmedia":[{"embeddable":true,"href":"https:\/\/zaaschila.com\/en\/wp-json\/wp\/v2\/media\/3107"}],"wp:attachment":[{"href":"https:\/\/zaaschila.com\/en\/wp-json\/wp\/v2\/media?parent=2108"}],"wp:term":[{"taxonomy":"product_cat","embeddable":true,"href":"https:\/\/zaaschila.com\/en\/wp-json\/wp\/v2\/product_cat?post=2108"},{"taxonomy":"product_tag","embeddable":true,"href":"https:\/\/zaaschila.com\/en\/wp-json\/wp\/v2\/product_tag?post=2108"}],"curies":[{"name":"wp","href":"https:\/\/api.w.org\/{rel}","templated":true}]}}