{"id":3018,"date":"2023-07-14T15:09:46","date_gmt":"2023-07-14T15:09:46","guid":{"rendered":"https:\/\/zaaschila.com\/?post_type=product&#038;p=3018"},"modified":"2023-08-15T15:01:31","modified_gmt":"2023-08-15T15:01:31","slug":"salsa-chamoy-arandano","status":"publish","type":"product","link":"https:\/\/zaaschila.com\/en\/product\/salsa-chamoy-arandano\/","title":{"rendered":"Salsa Chamoy Ar\u00e1ndano"},"content":{"rendered":"<p>Ar\u00e1ndanos y Mezcla de Chiles deshidratados, logrando una combinaci\u00f3n ideal para acompa\u00f1ar Frutas, Verduras, Botanas y Raspados de Hielo.<\/p>","protected":false},"excerpt":{"rendered":"<ul>\n<li>Elaborado con Ar\u00e1ndanos, Mezcla de Chiles, C\u00edtricos, Jarabe de Agave y Sal.<\/li>\n<li>Free of Allergenic Ingredients and\/or Dairy Derivatives.<\/li>\n<li>Itching Level: Medium<\/li>\n<\/ul>","protected":false},"featured_media":3019,"comment_status":"open","ping_status":"closed","template":"","meta":[],"product_cat":[102,31],"product_tag":[67,74,119,71,72],"class_list":{"0":"post-3018","1":"product","2":"type-product","3":"status-publish","4":"has-post-thumbnail","6":"product_cat-familia-botana","7":"product_cat-salsas","8":"product_tag-bebidas","9":"product_tag-botanas","10":"product_tag-frutas","11":"product_tag-helado","12":"product_tag-raspados","13":"pa_tamano-440g","15":"first","16":"instock","17":"shipping-taxable","18":"purchasable","19":"product-type-variable","20":"has-default-attributes"},"yoast_head":"<!-- This site is optimized with the Yoast SEO plugin v24.1 - https:\/\/yoast.com\/wordpress\/plugins\/seo\/ -->\n<title>Salsa Chamoy Ar\u00e1ndano - Zaaschila<\/title>\n<meta name=\"robots\" content=\"index, follow, max-snippet:-1, max-image-preview:large, max-video-preview:-1\" \/>\n<link rel=\"canonical\" href=\"https:\/\/zaaschila.com\/en\/product\/salsa-chamoy-arandano\/\" \/>\n<meta property=\"og:locale\" content=\"en_US\" \/>\n<meta property=\"og:type\" content=\"article\" \/>\n<meta property=\"og:title\" content=\"Salsa Chamoy Ar\u00e1ndano - Zaaschila\" \/>\n<meta property=\"og:description\" content=\"Elaborado con Ar\u00e1ndanos, Mezcla de Chiles, C\u00edtricos, Jarabe de Agave y Sal.  Libre de Ingredientes Alergenos y\/o Derivados L\u00e1cteos.  Nivel Picor: Medio\" \/>\n<meta property=\"og:url\" content=\"https:\/\/zaaschila.com\/en\/product\/salsa-chamoy-arandano\/\" \/>\n<meta property=\"og:site_name\" content=\"Zaaschila\" \/>\n<meta property=\"article:modified_time\" content=\"2023-08-15T15:01:31+00:00\" \/>\n<meta property=\"og:image\" content=\"https:\/\/zaaschila.com\/wp-content\/uploads\/2023\/07\/Chamoy-Arandano-440-Pagina.png\" \/>\n\t<meta property=\"og:image:width\" content=\"600\" \/>\n\t<meta property=\"og:image:height\" content=\"900\" \/>\n\t<meta property=\"og:image:type\" content=\"image\/png\" \/>\n<meta name=\"twitter:card\" content=\"summary_large_image\" \/>\n<meta name=\"twitter:label1\" content=\"Est. reading time\" \/>\n\t<meta name=\"twitter:data1\" content=\"1 minute\" \/>\n<script type=\"application\/ld+json\" class=\"yoast-schema-graph\">{\"@context\":\"https:\/\/schema.org\",\"@graph\":[{\"@type\":\"WebPage\",\"@id\":\"https:\/\/zaaschila.com\/producto\/salsa-chamoy-arandano\/\",\"url\":\"https:\/\/zaaschila.com\/producto\/salsa-chamoy-arandano\/\",\"name\":\"Salsa Chamoy Ar\u00e1ndano - Zaaschila\",\"isPartOf\":{\"@id\":\"https:\/\/zaaschila.com\/#website\"},\"primaryImageOfPage\":{\"@id\":\"https:\/\/zaaschila.com\/producto\/salsa-chamoy-arandano\/#primaryimage\"},\"image\":{\"@id\":\"https:\/\/zaaschila.com\/producto\/salsa-chamoy-arandano\/#primaryimage\"},\"thumbnailUrl\":\"https:\/\/zaaschila.com\/wp-content\/uploads\/2023\/07\/Chamoy-Arandano-440-Pagina.png\",\"datePublished\":\"2023-07-14T15:09:46+00:00\",\"dateModified\":\"2023-08-15T15:01:31+00:00\",\"breadcrumb\":{\"@id\":\"https:\/\/zaaschila.com\/producto\/salsa-chamoy-arandano\/#breadcrumb\"},\"inLanguage\":\"en-US\",\"potentialAction\":[{\"@type\":\"ReadAction\",\"target\":[\"https:\/\/zaaschila.com\/producto\/salsa-chamoy-arandano\/\"]}]},{\"@type\":\"ImageObject\",\"inLanguage\":\"en-US\",\"@id\":\"https:\/\/zaaschila.com\/producto\/salsa-chamoy-arandano\/#primaryimage\",\"url\":\"https:\/\/zaaschila.com\/wp-content\/uploads\/2023\/07\/Chamoy-Arandano-440-Pagina.png\",\"contentUrl\":\"https:\/\/zaaschila.com\/wp-content\/uploads\/2023\/07\/Chamoy-Arandano-440-Pagina.png\",\"width\":600,\"height\":900},{\"@type\":\"BreadcrumbList\",\"@id\":\"https:\/\/zaaschila.com\/producto\/salsa-chamoy-arandano\/#breadcrumb\",\"itemListElement\":[{\"@type\":\"ListItem\",\"position\":1,\"name\":\"Home\",\"item\":\"https:\/\/zaaschila.com\/\"},{\"@type\":\"ListItem\",\"position\":2,\"name\":\"Productos\",\"item\":\"https:\/\/zaaschila.com\/productos\/\"},{\"@type\":\"ListItem\",\"position\":3,\"name\":\"Salsa Chamoy Ar\u00e1ndano\"}]},{\"@type\":\"WebSite\",\"@id\":\"https:\/\/zaaschila.com\/#website\",\"url\":\"https:\/\/zaaschila.com\/\",\"name\":\"Zaaschila\",\"description\":\"Salsas\",\"publisher\":{\"@id\":\"https:\/\/zaaschila.com\/#organization\"},\"potentialAction\":[{\"@type\":\"SearchAction\",\"target\":{\"@type\":\"EntryPoint\",\"urlTemplate\":\"https:\/\/zaaschila.com\/?s={search_term_string}\"},\"query-input\":{\"@type\":\"PropertyValueSpecification\",\"valueRequired\":true,\"valueName\":\"search_term_string\"}}],\"inLanguage\":\"en-US\"},{\"@type\":\"Organization\",\"@id\":\"https:\/\/zaaschila.com\/#organization\",\"name\":\"Zaaschila\",\"url\":\"https:\/\/zaaschila.com\/\",\"logo\":{\"@type\":\"ImageObject\",\"inLanguage\":\"en-US\",\"@id\":\"https:\/\/zaaschila.com\/#\/schema\/logo\/image\/\",\"url\":\"https:\/\/zaaschila.com\/wp-content\/uploads\/2022\/09\/Logotipo-Zaaschila-Nuevo.png\",\"contentUrl\":\"https:\/\/zaaschila.com\/wp-content\/uploads\/2022\/09\/Logotipo-Zaaschila-Nuevo.png\",\"width\":672,\"height\":295,\"caption\":\"Zaaschila\"},\"image\":{\"@id\":\"https:\/\/zaaschila.com\/#\/schema\/logo\/image\/\"}}]}<\/script>\n<!-- \/ Yoast SEO plugin. -->","yoast_head_json":{"title":"Salsa Chamoy Ar\u00e1ndano - Zaaschila","robots":{"index":"index","follow":"follow","max-snippet":"max-snippet:-1","max-image-preview":"max-image-preview:large","max-video-preview":"max-video-preview:-1"},"canonical":"https:\/\/zaaschila.com\/en\/product\/salsa-chamoy-arandano\/","og_locale":"en_US","og_type":"article","og_title":"Salsa Chamoy Ar\u00e1ndano - Zaaschila","og_description":"Elaborado con Ar\u00e1ndanos, Mezcla de Chiles, C\u00edtricos, Jarabe de Agave y Sal.  Libre de Ingredientes Alergenos y\/o Derivados L\u00e1cteos.  Nivel Picor: Medio","og_url":"https:\/\/zaaschila.com\/en\/product\/salsa-chamoy-arandano\/","og_site_name":"Zaaschila","article_modified_time":"2023-08-15T15:01:31+00:00","og_image":[{"width":600,"height":900,"url":"https:\/\/zaaschila.com\/wp-content\/uploads\/2023\/07\/Chamoy-Arandano-440-Pagina.png","type":"image\/png"}],"twitter_card":"summary_large_image","twitter_misc":{"Est. reading time":"1 minute"},"schema":{"@context":"https:\/\/schema.org","@graph":[{"@type":"WebPage","@id":"https:\/\/zaaschila.com\/producto\/salsa-chamoy-arandano\/","url":"https:\/\/zaaschila.com\/producto\/salsa-chamoy-arandano\/","name":"Salsa Chamoy Ar\u00e1ndano - Zaaschila","isPartOf":{"@id":"https:\/\/zaaschila.com\/#website"},"primaryImageOfPage":{"@id":"https:\/\/zaaschila.com\/producto\/salsa-chamoy-arandano\/#primaryimage"},"image":{"@id":"https:\/\/zaaschila.com\/producto\/salsa-chamoy-arandano\/#primaryimage"},"thumbnailUrl":"https:\/\/zaaschila.com\/wp-content\/uploads\/2023\/07\/Chamoy-Arandano-440-Pagina.png","datePublished":"2023-07-14T15:09:46+00:00","dateModified":"2023-08-15T15:01:31+00:00","breadcrumb":{"@id":"https:\/\/zaaschila.com\/producto\/salsa-chamoy-arandano\/#breadcrumb"},"inLanguage":"en-US","potentialAction":[{"@type":"ReadAction","target":["https:\/\/zaaschila.com\/producto\/salsa-chamoy-arandano\/"]}]},{"@type":"ImageObject","inLanguage":"en-US","@id":"https:\/\/zaaschila.com\/producto\/salsa-chamoy-arandano\/#primaryimage","url":"https:\/\/zaaschila.com\/wp-content\/uploads\/2023\/07\/Chamoy-Arandano-440-Pagina.png","contentUrl":"https:\/\/zaaschila.com\/wp-content\/uploads\/2023\/07\/Chamoy-Arandano-440-Pagina.png","width":600,"height":900},{"@type":"BreadcrumbList","@id":"https:\/\/zaaschila.com\/producto\/salsa-chamoy-arandano\/#breadcrumb","itemListElement":[{"@type":"ListItem","position":1,"name":"Home","item":"https:\/\/zaaschila.com\/"},{"@type":"ListItem","position":2,"name":"Productos","item":"https:\/\/zaaschila.com\/productos\/"},{"@type":"ListItem","position":3,"name":"Salsa Chamoy Ar\u00e1ndano"}]},{"@type":"WebSite","@id":"https:\/\/zaaschila.com\/#website","url":"https:\/\/zaaschila.com\/","name":"Zaaschila","description":"Salsas","publisher":{"@id":"https:\/\/zaaschila.com\/#organization"},"potentialAction":[{"@type":"SearchAction","target":{"@type":"EntryPoint","urlTemplate":"https:\/\/zaaschila.com\/?s={search_term_string}"},"query-input":{"@type":"PropertyValueSpecification","valueRequired":true,"valueName":"search_term_string"}}],"inLanguage":"en-US"},{"@type":"Organization","@id":"https:\/\/zaaschila.com\/#organization","name":"Zaaschila","url":"https:\/\/zaaschila.com\/","logo":{"@type":"ImageObject","inLanguage":"en-US","@id":"https:\/\/zaaschila.com\/#\/schema\/logo\/image\/","url":"https:\/\/zaaschila.com\/wp-content\/uploads\/2022\/09\/Logotipo-Zaaschila-Nuevo.png","contentUrl":"https:\/\/zaaschila.com\/wp-content\/uploads\/2022\/09\/Logotipo-Zaaschila-Nuevo.png","width":672,"height":295,"caption":"Zaaschila"},"image":{"@id":"https:\/\/zaaschila.com\/#\/schema\/logo\/image\/"}}]}},"_links":{"self":[{"href":"https:\/\/zaaschila.com\/en\/wp-json\/wp\/v2\/product\/3018","targetHints":{"allow":["GET"]}}],"collection":[{"href":"https:\/\/zaaschila.com\/en\/wp-json\/wp\/v2\/product"}],"about":[{"href":"https:\/\/zaaschila.com\/en\/wp-json\/wp\/v2\/types\/product"}],"replies":[{"embeddable":true,"href":"https:\/\/zaaschila.com\/en\/wp-json\/wp\/v2\/comments?post=3018"}],"wp:featuredmedia":[{"embeddable":true,"href":"https:\/\/zaaschila.com\/en\/wp-json\/wp\/v2\/media\/3019"}],"wp:attachment":[{"href":"https:\/\/zaaschila.com\/en\/wp-json\/wp\/v2\/media?parent=3018"}],"wp:term":[{"taxonomy":"product_cat","embeddable":true,"href":"https:\/\/zaaschila.com\/en\/wp-json\/wp\/v2\/product_cat?post=3018"},{"taxonomy":"product_tag","embeddable":true,"href":"https:\/\/zaaschila.com\/en\/wp-json\/wp\/v2\/product_tag?post=3018"}],"curies":[{"name":"wp","href":"https:\/\/api.w.org\/{rel}","templated":true}]}}