{"id":855,"date":"2022-05-06T00:26:17","date_gmt":"2022-05-06T00:26:17","guid":{"rendered":"http:\/\/zaaschila.com\/?post_type=product&#038;p=855"},"modified":"2023-03-16T22:46:39","modified_gmt":"2023-03-16T22:46:39","slug":"salsa-habanero-cremosa","status":"publish","type":"product","link":"https:\/\/zaaschila.com\/en\/product\/salsa-habanero-cremosa\/","title":{"rendered":"Salsa Habanero Cremosa"},"content":{"rendered":"<p>Deliciosa salsa emulsionada hecha a base de Chile Habanero, C\u00edtricos y Especias excelente opci\u00f3n para Hot Dogs, Sandwiches, Pescado, Mariscos y como acompa\u00f1amiento para dipear Sushi y acompa\u00f1ar tus Tacos favoritos.<\/p>","protected":false},"excerpt":{"rendered":"<ul>\n<li>\"Made with natural ingredients such as Habanero Peppers, Vegetable Oil, Pea Protein, Lemon Juice, Orange Juice, Seasonings and Spices.<\/li>\n<li>Free of Allergenic Ingredients and\/or Dairy Derivatives.<\/li>\n<li>Spiciness Level: Extra Spicy\".<\/li>\n<\/ul>","protected":false},"featured_media":2080,"comment_status":"open","ping_status":"closed","template":"","meta":[],"product_cat":[99,31],"product_tag":[55,63,54,51,50,61],"class_list":{"0":"post-855","1":"product","2":"type-product","3":"status-publish","4":"has-post-thumbnail","6":"product_cat-familia-cremosas","7":"product_cat-salsas","8":"product_tag-ensaladas","9":"product_tag-hamburguesa","10":"product_tag-mariscos","11":"product_tag-papas","12":"product_tag-sushi","13":"product_tag-tacos","14":"pa_tamano-425g","15":"pa_tamano-2kg","17":"first","18":"instock","19":"shipping-taxable","20":"purchasable","21":"product-type-variable","22":"has-default-attributes"},"yoast_head":"<!-- This site is optimized with the Yoast SEO plugin v24.1 - https:\/\/yoast.com\/wordpress\/plugins\/seo\/ -->\n<title>Salsa Habanero Cremosa - Zaaschila<\/title>\n<meta name=\"robots\" content=\"index, follow, max-snippet:-1, max-image-preview:large, max-video-preview:-1\" \/>\n<link rel=\"canonical\" href=\"https:\/\/zaaschila.com\/en\/product\/salsa-habanero-cremosa\/\" \/>\n<meta property=\"og:locale\" content=\"en_US\" \/>\n<meta property=\"og:type\" content=\"article\" \/>\n<meta property=\"og:title\" content=\"Salsa Habanero Cremosa - Zaaschila\" \/>\n<meta property=\"og:description\" content=\"&quot;Elaborado con Ingredientes Naturales como Chile Habanero, Aceite Vegetal, Prote\u00edna de Ch\u00edcharo, Jugo de Lim\u00f3n, Jugo de Naranja, Condimentos y Especias.  Libre de Ingredientes Alergenos y\/o Derivados Lacteos.  Nivel de Picor: Extra Picante&quot;\" \/>\n<meta property=\"og:url\" content=\"https:\/\/zaaschila.com\/en\/product\/salsa-habanero-cremosa\/\" \/>\n<meta property=\"og:site_name\" content=\"Zaaschila\" \/>\n<meta property=\"article:modified_time\" content=\"2023-03-16T22:46:39+00:00\" \/>\n<meta property=\"og:image\" content=\"https:\/\/zaaschila.com\/wp-content\/uploads\/2022\/05\/Habanero-cremoso.png\" \/>\n\t<meta property=\"og:image:width\" content=\"600\" \/>\n\t<meta property=\"og:image:height\" content=\"900\" \/>\n\t<meta property=\"og:image:type\" content=\"image\/png\" \/>\n<meta name=\"twitter:card\" content=\"summary_large_image\" \/>\n<meta name=\"twitter:label1\" content=\"Est. reading time\" \/>\n\t<meta name=\"twitter:data1\" content=\"1 minute\" \/>\n<script type=\"application\/ld+json\" class=\"yoast-schema-graph\">{\"@context\":\"https:\/\/schema.org\",\"@graph\":[{\"@type\":\"WebPage\",\"@id\":\"https:\/\/zaaschila.com\/producto\/salsa-habanero-cremosa\/\",\"url\":\"https:\/\/zaaschila.com\/producto\/salsa-habanero-cremosa\/\",\"name\":\"Salsa Habanero Cremosa - Zaaschila\",\"isPartOf\":{\"@id\":\"https:\/\/zaaschila.com\/#website\"},\"primaryImageOfPage\":{\"@id\":\"https:\/\/zaaschila.com\/producto\/salsa-habanero-cremosa\/#primaryimage\"},\"image\":{\"@id\":\"https:\/\/zaaschila.com\/producto\/salsa-habanero-cremosa\/#primaryimage\"},\"thumbnailUrl\":\"https:\/\/zaaschila.com\/wp-content\/uploads\/2022\/05\/Habanero-cremoso.png\",\"datePublished\":\"2022-05-06T00:26:17+00:00\",\"dateModified\":\"2023-03-16T22:46:39+00:00\",\"breadcrumb\":{\"@id\":\"https:\/\/zaaschila.com\/producto\/salsa-habanero-cremosa\/#breadcrumb\"},\"inLanguage\":\"en-US\",\"potentialAction\":[{\"@type\":\"ReadAction\",\"target\":[\"https:\/\/zaaschila.com\/producto\/salsa-habanero-cremosa\/\"]}]},{\"@type\":\"ImageObject\",\"inLanguage\":\"en-US\",\"@id\":\"https:\/\/zaaschila.com\/producto\/salsa-habanero-cremosa\/#primaryimage\",\"url\":\"https:\/\/zaaschila.com\/wp-content\/uploads\/2022\/05\/Habanero-cremoso.png\",\"contentUrl\":\"https:\/\/zaaschila.com\/wp-content\/uploads\/2022\/05\/Habanero-cremoso.png\",\"width\":600,\"height\":900},{\"@type\":\"BreadcrumbList\",\"@id\":\"https:\/\/zaaschila.com\/producto\/salsa-habanero-cremosa\/#breadcrumb\",\"itemListElement\":[{\"@type\":\"ListItem\",\"position\":1,\"name\":\"Home\",\"item\":\"https:\/\/zaaschila.com\/\"},{\"@type\":\"ListItem\",\"position\":2,\"name\":\"Productos\",\"item\":\"https:\/\/zaaschila.com\/productos\/\"},{\"@type\":\"ListItem\",\"position\":3,\"name\":\"Salsa Habanero Cremosa\"}]},{\"@type\":\"WebSite\",\"@id\":\"https:\/\/zaaschila.com\/#website\",\"url\":\"https:\/\/zaaschila.com\/\",\"name\":\"Zaaschila\",\"description\":\"Salsas\",\"publisher\":{\"@id\":\"https:\/\/zaaschila.com\/#organization\"},\"potentialAction\":[{\"@type\":\"SearchAction\",\"target\":{\"@type\":\"EntryPoint\",\"urlTemplate\":\"https:\/\/zaaschila.com\/?s={search_term_string}\"},\"query-input\":{\"@type\":\"PropertyValueSpecification\",\"valueRequired\":true,\"valueName\":\"search_term_string\"}}],\"inLanguage\":\"en-US\"},{\"@type\":\"Organization\",\"@id\":\"https:\/\/zaaschila.com\/#organization\",\"name\":\"Zaaschila\",\"url\":\"https:\/\/zaaschila.com\/\",\"logo\":{\"@type\":\"ImageObject\",\"inLanguage\":\"en-US\",\"@id\":\"https:\/\/zaaschila.com\/#\/schema\/logo\/image\/\",\"url\":\"https:\/\/zaaschila.com\/wp-content\/uploads\/2022\/09\/Logotipo-Zaaschila-Nuevo.png\",\"contentUrl\":\"https:\/\/zaaschila.com\/wp-content\/uploads\/2022\/09\/Logotipo-Zaaschila-Nuevo.png\",\"width\":672,\"height\":295,\"caption\":\"Zaaschila\"},\"image\":{\"@id\":\"https:\/\/zaaschila.com\/#\/schema\/logo\/image\/\"}}]}<\/script>\n<!-- \/ Yoast SEO plugin. -->","yoast_head_json":{"title":"Salsa Habanero Cremosa - Zaaschila","robots":{"index":"index","follow":"follow","max-snippet":"max-snippet:-1","max-image-preview":"max-image-preview:large","max-video-preview":"max-video-preview:-1"},"canonical":"https:\/\/zaaschila.com\/en\/product\/salsa-habanero-cremosa\/","og_locale":"en_US","og_type":"article","og_title":"Salsa Habanero Cremosa - Zaaschila","og_description":"\"Elaborado con Ingredientes Naturales como Chile Habanero, Aceite Vegetal, Prote\u00edna de Ch\u00edcharo, Jugo de Lim\u00f3n, Jugo de Naranja, Condimentos y Especias.  Libre de Ingredientes Alergenos y\/o Derivados Lacteos.  Nivel de Picor: Extra Picante\"","og_url":"https:\/\/zaaschila.com\/en\/product\/salsa-habanero-cremosa\/","og_site_name":"Zaaschila","article_modified_time":"2023-03-16T22:46:39+00:00","og_image":[{"width":600,"height":900,"url":"https:\/\/zaaschila.com\/wp-content\/uploads\/2022\/05\/Habanero-cremoso.png","type":"image\/png"}],"twitter_card":"summary_large_image","twitter_misc":{"Est. reading time":"1 minute"},"schema":{"@context":"https:\/\/schema.org","@graph":[{"@type":"WebPage","@id":"https:\/\/zaaschila.com\/producto\/salsa-habanero-cremosa\/","url":"https:\/\/zaaschila.com\/producto\/salsa-habanero-cremosa\/","name":"Salsa Habanero Cremosa - Zaaschila","isPartOf":{"@id":"https:\/\/zaaschila.com\/#website"},"primaryImageOfPage":{"@id":"https:\/\/zaaschila.com\/producto\/salsa-habanero-cremosa\/#primaryimage"},"image":{"@id":"https:\/\/zaaschila.com\/producto\/salsa-habanero-cremosa\/#primaryimage"},"thumbnailUrl":"https:\/\/zaaschila.com\/wp-content\/uploads\/2022\/05\/Habanero-cremoso.png","datePublished":"2022-05-06T00:26:17+00:00","dateModified":"2023-03-16T22:46:39+00:00","breadcrumb":{"@id":"https:\/\/zaaschila.com\/producto\/salsa-habanero-cremosa\/#breadcrumb"},"inLanguage":"en-US","potentialAction":[{"@type":"ReadAction","target":["https:\/\/zaaschila.com\/producto\/salsa-habanero-cremosa\/"]}]},{"@type":"ImageObject","inLanguage":"en-US","@id":"https:\/\/zaaschila.com\/producto\/salsa-habanero-cremosa\/#primaryimage","url":"https:\/\/zaaschila.com\/wp-content\/uploads\/2022\/05\/Habanero-cremoso.png","contentUrl":"https:\/\/zaaschila.com\/wp-content\/uploads\/2022\/05\/Habanero-cremoso.png","width":600,"height":900},{"@type":"BreadcrumbList","@id":"https:\/\/zaaschila.com\/producto\/salsa-habanero-cremosa\/#breadcrumb","itemListElement":[{"@type":"ListItem","position":1,"name":"Home","item":"https:\/\/zaaschila.com\/"},{"@type":"ListItem","position":2,"name":"Productos","item":"https:\/\/zaaschila.com\/productos\/"},{"@type":"ListItem","position":3,"name":"Salsa Habanero Cremosa"}]},{"@type":"WebSite","@id":"https:\/\/zaaschila.com\/#website","url":"https:\/\/zaaschila.com\/","name":"Zaaschila","description":"Salsas","publisher":{"@id":"https:\/\/zaaschila.com\/#organization"},"potentialAction":[{"@type":"SearchAction","target":{"@type":"EntryPoint","urlTemplate":"https:\/\/zaaschila.com\/?s={search_term_string}"},"query-input":{"@type":"PropertyValueSpecification","valueRequired":true,"valueName":"search_term_string"}}],"inLanguage":"en-US"},{"@type":"Organization","@id":"https:\/\/zaaschila.com\/#organization","name":"Zaaschila","url":"https:\/\/zaaschila.com\/","logo":{"@type":"ImageObject","inLanguage":"en-US","@id":"https:\/\/zaaschila.com\/#\/schema\/logo\/image\/","url":"https:\/\/zaaschila.com\/wp-content\/uploads\/2022\/09\/Logotipo-Zaaschila-Nuevo.png","contentUrl":"https:\/\/zaaschila.com\/wp-content\/uploads\/2022\/09\/Logotipo-Zaaschila-Nuevo.png","width":672,"height":295,"caption":"Zaaschila"},"image":{"@id":"https:\/\/zaaschila.com\/#\/schema\/logo\/image\/"}}]}},"_links":{"self":[{"href":"https:\/\/zaaschila.com\/en\/wp-json\/wp\/v2\/product\/855","targetHints":{"allow":["GET"]}}],"collection":[{"href":"https:\/\/zaaschila.com\/en\/wp-json\/wp\/v2\/product"}],"about":[{"href":"https:\/\/zaaschila.com\/en\/wp-json\/wp\/v2\/types\/product"}],"replies":[{"embeddable":true,"href":"https:\/\/zaaschila.com\/en\/wp-json\/wp\/v2\/comments?post=855"}],"wp:featuredmedia":[{"embeddable":true,"href":"https:\/\/zaaschila.com\/en\/wp-json\/wp\/v2\/media\/2080"}],"wp:attachment":[{"href":"https:\/\/zaaschila.com\/en\/wp-json\/wp\/v2\/media?parent=855"}],"wp:term":[{"taxonomy":"product_cat","embeddable":true,"href":"https:\/\/zaaschila.com\/en\/wp-json\/wp\/v2\/product_cat?post=855"},{"taxonomy":"product_tag","embeddable":true,"href":"https:\/\/zaaschila.com\/en\/wp-json\/wp\/v2\/product_tag?post=855"}],"curies":[{"name":"wp","href":"https:\/\/api.w.org\/{rel}","templated":true}]}}